{"id":1519,"date":"2015-07-15T11:54:54","date_gmt":"2015-07-15T09:54:54","guid":{"rendered":"http:\/\/groeditz.zz.local\/?page_id=1519"},"modified":"2015-08-25T09:41:20","modified_gmt":"2015-08-25T07:41:20","slug":"imprint","status":"publish","type":"page","link":"https:\/\/www.groeditzer-fittings.de\/en\/imprint\/","title":{"rendered":"Imprint"},"content":{"rendered":"<p>Gr\u00f6ditzer Fittings GmbH<br \/>\nAm Castello 1<br \/>\n01609 Gr\u00f6ditz<\/p>\n<p>Tel.: +49 35263 45 45-0 &#8211; Fax: +49 35263 45 45-61<\/p>\n<p>Gr\u00f6ditzer Fittings GmbH<br \/>\nDomicile: Gr\u00f6ditz<br \/>\nCommercial Register: County Court of Dresden, HRB 3868<br \/>\nTax number: 209\/109\/00685<br \/>\nVAT ID no.: DE-154901458<br \/>\nManaging Directors: Burghardt Henning<\/p>\n<p>&nbsp;<\/p>\n<p><b>Content<\/b><\/p>\n<p>For third-party Internet pages to which this website may refer through a hyperlink, the respective providers are responsible. GR\u00d6DITZER FITTINGS GmbH does not accept any responsibility for the contents of third-party websites.<\/p>\n<p>The webpages GR\u00d6DITZER FITTINGS GmbH may have been accessed via external links. If this is the case, no responsibility shall be accepted for representations, contents or any connection or link to GR\u00d6DITZER FITTINGS GmbH.<\/p>\n<p>GR\u00d6DITZER FITTINGS GmbH reserves the right to change the information provided on this website. Any copying of contents or data, including but not limited to using texts, parts of the texts or images, is subject to the express written approval of GR\u00d6DITZER FITTINGS GmbH.<\/p>\n<p>Images under &#8220;Service&#8221; and &#8220;Contact&#8221; by www.photocase.com. Copyright by Gordon Bussiek, mastersteve, Tobias Machhaus.<\/p>\n","protected":false},"excerpt":{"rendered":"<p>Gr\u00f6ditzer Fittings GmbH Am Castello 1 01609 Gr\u00f6ditz Tel.: +49 35263 45 45-0 &#8211; Fax: +49 35263 45 45-61 Gr\u00f6ditzer Fittings GmbH Domicile: Gr\u00f6ditz Commercial Register: County Court of Dresden, HRB 3868 Tax number: 209\/109\/00685 VAT ID no.: DE-154901458 Managing Directors: Burghardt Henning &nbsp; Content For third-party Internet pages to which this website may refer [&hellip;]<\/p>\n","protected":false},"author":1,"featured_media":0,"parent":0,"menu_order":0,"comment_status":"open","ping_status":"open","template":"","meta":{"_acf_changed":false,"footnotes":""},"class_list":["post-1519","page","type-page","status-publish","hentry"],"acf":[],"aioseo_notices":[],"_links":{"self":[{"href":"https:\/\/www.groeditzer-fittings.de\/en\/wp-json\/wp\/v2\/pages\/1519","targetHints":{"allow":["GET"]}}],"collection":[{"href":"https:\/\/www.groeditzer-fittings.de\/en\/wp-json\/wp\/v2\/pages"}],"about":[{"href":"https:\/\/www.groeditzer-fittings.de\/en\/wp-json\/wp\/v2\/types\/page"}],"author":[{"embeddable":true,"href":"https:\/\/www.groeditzer-fittings.de\/en\/wp-json\/wp\/v2\/users\/1"}],"replies":[{"embeddable":true,"href":"https:\/\/www.groeditzer-fittings.de\/en\/wp-json\/wp\/v2\/comments?post=1519"}],"version-history":[{"count":0,"href":"https:\/\/www.groeditzer-fittings.de\/en\/wp-json\/wp\/v2\/pages\/1519\/revisions"}],"wp:attachment":[{"href":"https:\/\/www.groeditzer-fittings.de\/en\/wp-json\/wp\/v2\/media?parent=1519"}],"curies":[{"name":"wp","href":"https:\/\/api.w.org\/{rel}","templated":true}]}}